{"id":155,"date":"2020-02-25T09:11:32","date_gmt":"2020-02-25T09:11:32","guid":{"rendered":"https:\/\/bridge336.qodeinteractive.com\/?page_id=155"},"modified":"2021-03-17T20:41:38","modified_gmt":"2021-03-17T19:41:38","slug":"ouverture","status":"publish","type":"page","link":"https:\/\/drissalaouimdaghri.ma\/index.php\/ouverture\/","title":{"rendered":"Ouverture"},"content":{"rendered":"\t\t<div data-elementor-type=\"wp-page\" data-elementor-id=\"155\" class=\"elementor elementor-155\" data-elementor-settings=\"[]\">\n\t\t\t\t\t\t<div class=\"elementor-inner\">\n\t\t\t\t\t\t\t<div class=\"elementor-section-wrap\">\n\t\t\t\t\t\t\t<section class=\"elementor-section elementor-top-section elementor-element elementor-element-1f98169 qode_elementor_container_inner elementor-section-boxed elementor-section-height-default elementor-section-height-default parallax_section_no\" data-id=\"1f98169\" data-element_type=\"section\">\n\t\t\t\t\t\t<div class=\"elementor-container elementor-column-gap-no\">\n\t\t\t\t\t\t\t<div class=\"elementor-row\">\n\t\t\t\t\t<div class=\"elementor-column elementor-col-100 elementor-top-column elementor-element elementor-element-5ddbf83\" data-id=\"5ddbf83\" data-element_type=\"column\">\n\t\t\t<div class=\"elementor-column-wrap\">\n\t\t\t\t\t\t\t<div class=\"elementor-widget-wrap\">\n\t\t\t\t\t\t\t\t<\/div>\n\t\t\t\t\t<\/div>\n\t\t<\/div>\n\t\t\t\t\t\t\t\t<\/div>\n\t\t\t\t\t<\/div>\n\t\t<\/section>\n\t\t\t\t<section class=\"elementor-section elementor-top-section elementor-element elementor-element-12fdf78 elementor-section-boxed elementor-section-height-default elementor-section-height-default parallax_section_no qode_elementor_container_no\" data-id=\"12fdf78\" data-element_type=\"section\">\n\t\t\t\t\t\t<div class=\"elementor-container elementor-column-gap-default\">\n\t\t\t\t\t\t\t<div class=\"elementor-row\">\n\t\t\t\t\t<div class=\"elementor-column elementor-col-100 elementor-top-column elementor-element elementor-element-e6baed2\" data-id=\"e6baed2\" data-element_type=\"column\">\n\t\t\t<div class=\"elementor-column-wrap elementor-element-populated\">\n\t\t\t\t\t\t\t<div class=\"elementor-widget-wrap\">\n\t\t\t\t\t\t<div class=\"elementor-element elementor-element-b16f31a elementor-widget elementor-widget-text-editor\" data-id=\"b16f31a\" data-element_type=\"widget\" data-widget_type=\"text-editor.default\">\n\t\t\t\t<div class=\"elementor-widget-container\">\n\t\t\t\t\t<div class=\"elementor-text-editor elementor-clearfix\"><h2>Ouverture<\/h2><\/div>\n\t\t\t\t<\/div>\n\t\t\t\t<\/div>\n\t\t\t\t<div class=\"elementor-element elementor-element-c692e40 elementor-widget elementor-widget-text-editor\" data-id=\"c692e40\" data-element_type=\"widget\" data-widget_type=\"text-editor.default\">\n\t\t\t\t<div class=\"elementor-widget-container\">\n\t\t\t\t\t<div class=\"elementor-text-editor elementor-clearfix\"><h5><em><strong>La po\u00e9sie m\u2019a \u00e9loign\u00e9 de beaucoup de choses.<\/strong><\/em><\/h5><h5><em><strong>Elle m\u2019a rapproch\u00e9 de l\u2019essentiel<\/strong><\/em><\/h5><\/div>\n\t\t\t\t<\/div>\n\t\t\t\t<\/div>\n\t\t\t\t\t\t<\/div>\n\t\t\t\t\t<\/div>\n\t\t<\/div>\n\t\t\t\t\t\t\t\t<\/div>\n\t\t\t\t\t<\/div>\n\t\t<\/section>\n\t\t\t\t<section class=\"elementor-section elementor-top-section elementor-element elementor-element-5938057 qode_elementor_container_inner elementor-section-boxed elementor-section-height-default elementor-section-height-default parallax_section_no\" data-id=\"5938057\" data-element_type=\"section\">\n\t\t\t\t\t\t<div class=\"elementor-container elementor-column-gap-no\">\n\t\t\t\t\t\t\t<div class=\"elementor-row\">\n\t\t\t\t\t<div class=\"elementor-column elementor-col-50 elementor-top-column elementor-element elementor-element-3cc5a62\" data-id=\"3cc5a62\" data-element_type=\"column\">\n\t\t\t<div class=\"elementor-column-wrap elementor-element-populated\">\n\t\t\t\t\t\t\t<div class=\"elementor-widget-wrap\">\n\t\t\t\t\t\t<div class=\"elementor-element elementor-element-ee18ed2 elementor-widget elementor-widget-image\" data-id=\"ee18ed2\" data-element_type=\"widget\" data-widget_type=\"image.default\">\n\t\t\t\t<div class=\"elementor-widget-container\">\n\t\t\t\t\t<div class=\"elementor-image\">\n\t\t\t\t\t\t\t\t\t\t<img width=\"1024\" height=\"680\" src=\"https:\/\/drissalaouimdaghri.ma\/wp-content\/uploads\/2021\/03\/DAM-profile-1024x680.jpg\" class=\"attachment-large size-large\" alt=\"\" loading=\"lazy\" srcset=\"https:\/\/drissalaouimdaghri.ma\/wp-content\/uploads\/2021\/03\/DAM-profile-1024x680.jpg 1024w, https:\/\/drissalaouimdaghri.ma\/wp-content\/uploads\/2021\/03\/DAM-profile-300x199.jpg 300w, https:\/\/drissalaouimdaghri.ma\/wp-content\/uploads\/2021\/03\/DAM-profile-768x510.jpg 768w, https:\/\/drissalaouimdaghri.ma\/wp-content\/uploads\/2021\/03\/DAM-profile-1536x1020.jpg 1536w, https:\/\/drissalaouimdaghri.ma\/wp-content\/uploads\/2021\/03\/DAM-profile-2048x1360.jpg 2048w, https:\/\/drissalaouimdaghri.ma\/wp-content\/uploads\/2021\/03\/DAM-profile-700x465.jpg 700w\" sizes=\"(max-width: 1024px) 100vw, 1024px\" \/>\t\t\t\t\t\t\t\t\t\t\t<\/div>\n\t\t\t\t<\/div>\n\t\t\t\t<\/div>\n\t\t\t\t\t\t<\/div>\n\t\t\t\t\t<\/div>\n\t\t<\/div>\n\t\t\t\t<div class=\"elementor-column elementor-col-50 elementor-top-column elementor-element elementor-element-0374dec\" data-id=\"0374dec\" data-element_type=\"column\">\n\t\t\t<div class=\"elementor-column-wrap elementor-element-populated\">\n\t\t\t\t\t\t\t<div class=\"elementor-widget-wrap\">\n\t\t\t\t\t\t<section class=\"elementor-section elementor-inner-section elementor-element elementor-element-035935c elementor-section-boxed elementor-section-height-default elementor-section-height-default parallax_section_no qode_elementor_container_no\" data-id=\"035935c\" data-element_type=\"section\">\n\t\t\t\t\t\t<div class=\"elementor-container elementor-column-gap-no\">\n\t\t\t\t\t\t\t<div class=\"elementor-row\">\n\t\t\t\t\t<div class=\"elementor-column elementor-col-100 elementor-inner-column elementor-element elementor-element-aa5eaa0\" data-id=\"aa5eaa0\" data-element_type=\"column\">\n\t\t\t<div class=\"elementor-column-wrap elementor-element-populated\">\n\t\t\t\t\t\t\t<div class=\"elementor-widget-wrap\">\n\t\t\t\t\t\t<div class=\"elementor-element elementor-element-350f03a elementor-widget elementor-widget-text-editor\" data-id=\"350f03a\" data-element_type=\"widget\" data-widget_type=\"text-editor.default\">\n\t\t\t\t<div class=\"elementor-widget-container\">\n\t\t\t\t\t<div class=\"elementor-text-editor elementor-clearfix\"><p>Ceci est mon site dans lequel je mets une foule de choses. Cela va d\u2019extraits de mon journal \u00e0 mes souvenirs personnels et \u00e0 des documents originaux et des cr\u00e9ations artistiques anciennes et\u00a0 r\u00e9centes dans les domaines de la po\u00e9sie, de la musique et de la peinture. On y trouvera des portraits de personnes connues et moins connues que j\u2019ai eu le loisir de rencontrer, des r\u00e9cits de voyages aux quatre coins du monde et des pens\u00e9es \u00e9parses inspir\u00e9es par la fr\u00e9quentation des livres et par les le\u00e7ons tir\u00e9es de la vie de ceux que j\u2019ai pu conna\u00eetre ou observer et de ma propre vie, celle d\u2019un homme, ni meilleur ni pire qu\u2019un autre, qui fut tout sauf banale.\u00a0 C\u2019est un m\u00e9lange de dits \u00e9parpill\u00e9s, souvent document\u00e9s gr\u00e2ce \u00e0 ma propension \u00e0 conserver tous les papiers, et d\u2019interventions, d\u2019enregistrements et d\u2019\u00e9crits au gr\u00e9 de mes vagabondages et des circonstances. Une sorte d\u2019habit d\u2019Arlequin comme l\u2019est le tissu de toute vie.<\/p><\/div>\n\t\t\t\t<\/div>\n\t\t\t\t<\/div>\n\t\t\t\t\t\t<\/div>\n\t\t\t\t\t<\/div>\n\t\t<\/div>\n\t\t\t\t\t\t\t\t<\/div>\n\t\t\t\t\t<\/div>\n\t\t<\/section>\n\t\t\t\t\t\t<\/div>\n\t\t\t\t\t<\/div>\n\t\t<\/div>\n\t\t\t\t\t\t\t\t<\/div>\n\t\t\t\t\t<\/div>\n\t\t<\/section>\n\t\t\t\t<section class=\"elementor-section elementor-top-section elementor-element elementor-element-fa0aaa8 elementor-section-boxed elementor-section-height-default elementor-section-height-default parallax_section_no qode_elementor_container_no\" data-id=\"fa0aaa8\" data-element_type=\"section\">\n\t\t\t\t\t\t<div class=\"elementor-container elementor-column-gap-default\">\n\t\t\t\t\t\t\t<div class=\"elementor-row\">\n\t\t\t\t\t<div class=\"elementor-column elementor-col-100 elementor-top-column elementor-element elementor-element-8b393ad\" data-id=\"8b393ad\" data-element_type=\"column\">\n\t\t\t<div class=\"elementor-column-wrap elementor-element-populated\">\n\t\t\t\t\t\t\t<div class=\"elementor-widget-wrap\">\n\t\t\t\t\t\t<div class=\"elementor-element elementor-element-f34e3aa elementor-widget elementor-widget-text-editor\" data-id=\"f34e3aa\" data-element_type=\"widget\" data-widget_type=\"text-editor.default\">\n\t\t\t\t<div class=\"elementor-widget-container\">\n\t\t\t\t\t<div class=\"elementor-text-editor elementor-clearfix\"><p>Mon intention est que cela repr\u00e9sente une fresque bigarr\u00e9e d\u2019une histoire qui t\u00e9moigne, \u00e0 travers les p\u00e9rip\u00e9ties, au demeurant secondaires, de ma modeste existence, de ce que fut le Maroc de la deuxi\u00e8me moiti\u00e9 du vingti\u00e8me si\u00e8cle aux premi\u00e8res d\u00e9cennies\u00a0 du vingt et uni\u00e8me telles que filtr\u00e9es par mon regard forc\u00e9ment limit\u00e9 et subjectif.\u00a0<\/p><p>\u00a0<\/p><p>Le savoir est une ligne d\u2019horizon que l\u2019on n\u2019atteint jamais, le pouvoir, de l\u2019argent comme des armes, est un leurre,\u00a0 et l\u2019exp\u00e9rience aidant, j\u2019ai acquis la conviction que \u00ab la v\u00e9rit\u00e9 est ailleurs \u00bb, pour reprendre la fameuse formule d\u2019une s\u00e9rie t\u00e9l\u00e9vis\u00e9e. Elle est principalement, comme ne cessent de nous le rappeler avec constance tous les sages de toutes les cultures et notre propre exp\u00e9rience, dans notre fa\u00e7on de gouverner nos vies avec reconnaissance pour la part que le destin nous a r\u00e9serv\u00e9e.<\/p><\/div>\n\t\t\t\t<\/div>\n\t\t\t\t<\/div>\n\t\t\t\t<div class=\"elementor-element elementor-element-99c279d elementor-widget elementor-widget-text-editor\" data-id=\"99c279d\" data-element_type=\"widget\" data-widget_type=\"text-editor.default\">\n\t\t\t\t<div class=\"elementor-widget-container\">\n\t\t\t\t\t<div class=\"elementor-text-editor elementor-clearfix\"><p style=\"text-align: left;\"><span style=\"background-color: #ffffff;\">Etablissements d\u2019enseignement sup\u00e9rieur, m\u00e9dias, entreprises et associations m\u2019ont souvent invit\u00e9 \u00e0 prendre la parole \u00e0 travers des conf\u00e9rences, des interviews, des articles et des s\u00e9minaires de formation. La raison de ces invitations \u00e0 parler, outre une certaine visibilit\u00e9 sociale dans mon pays, provient de ce qu\u2019on attribue, \u00e0 tort ou \u00e0 raison, \u00e0 ceux qu\u2019on appelle des intellectuels un certain savoir ou expertise sur des questions qui pr\u00e9occupent peu ou prou les uns et les autres. On leur demande d\u2019expliquer toutes sortes de choses et d\u2019avoir un avis sur tout. Quand, de surcro\u00eet, ils ont fr\u00e9quent\u00e9, comme je l\u2019ai fait en tant que ministre pendant presque dix ans, les all\u00e9es du pouvoir cela ajoute un ingr\u00e9dient \u00e9pic\u00e9 \u00e0 l\u2019affaire, quoi que\u2026 Quelle ne fut la surprise de cette journaliste qui me t\u00e9l\u00e9phona, il y a deux ou trois ans, pour me demander mon avis sur la loi de finances quand je lui r\u00e9pondis : \u00ab je suis r\u00e9ellement navr\u00e9, mais je n\u2019ai vraiment aucune id\u00e9e int\u00e9ressante \u00e0 partager avec vous \u00e0 ce sujet \u00bb.\u00a0<\/span><\/p><p>\u00a0<\/p><p><span style=\"background-color: #ffffff;\">J\u2019ai pass\u00e9 le temps et l\u2019\u00e2ge de nourrir un quelconque d\u00e9sir de notori\u00e9t\u00e9 ou de reconnaissance \u00e0 cette \u00e9tape de mon existence. Ma seule motivation est de laisser aux miens, \u00e0 mes nombreux amis et aux jeunes avec lesquels je me suis investi des ann\u00e9es durant dans la chose publique \u00e0 travers l\u2019enseignement et l\u2019administration, ainsi que dans la sph\u00e8re priv\u00e9e \u00e0 travers l\u2019entreprise, les associations et les activit\u00e9s culturelles, une trace dont j\u2019esp\u00e8re qu\u2019ils tireront quelque profit, voire quelque plaisir.\u00a0<\/span><span style=\"background-color: #ffffff;\"><br \/><\/span><\/p><p><span style=\"background-color: #ffffff;\">\u00a0<\/span><\/p><p style=\"text-align: right;\"><span style=\"background-color: #ffffff;\">Driss Alaoui Mdgahri\u00a0<\/span><\/p><p style=\"text-align: right;\"><span style=\"background-color: #ffffff;\">Casablanca, le\u00a0<\/span>1er Mars 2021<\/p><\/div>\n\t\t\t\t<\/div>\n\t\t\t\t<\/div>\n\t\t\t\t\t\t<\/div>\n\t\t\t\t\t<\/div>\n\t\t<\/div>\n\t\t\t\t\t\t\t\t<\/div>\n\t\t\t\t\t<\/div>\n\t\t<\/section>\n\t\t\t\t<section class=\"elementor-section elementor-top-section elementor-element elementor-element-062e70c elementor-section-boxed elementor-section-height-default elementor-section-height-default parallax_section_no qode_elementor_container_no\" data-id=\"062e70c\" data-element_type=\"section\">\n\t\t\t\t\t\t<div class=\"elementor-container elementor-column-gap-default\">\n\t\t\t\t\t\t\t<div class=\"elementor-row\">\n\t\t\t\t\t<div class=\"elementor-column elementor-col-100 elementor-top-column elementor-element elementor-element-40dfcd6\" data-id=\"40dfcd6\" data-element_type=\"column\">\n\t\t\t<div class=\"elementor-column-wrap elementor-element-populated\">\n\t\t\t\t\t\t\t<div class=\"elementor-widget-wrap\">\n\t\t\t\t\t\t<div class=\"elementor-element elementor-element-d356b72 elementor-widget elementor-widget-image\" data-id=\"d356b72\" data-element_type=\"widget\" data-widget_type=\"image.default\">\n\t\t\t\t<div class=\"elementor-widget-container\">\n\t\t\t\t\t<div class=\"elementor-image\">\n\t\t\t\t\t\t\t\t\t\t<img width=\"197\" height=\"300\" src=\"https:\/\/drissalaouimdaghri.ma\/wp-content\/uploads\/2021\/03\/Capture-197x300.png\" class=\"attachment-medium size-medium\" alt=\"\" loading=\"lazy\" srcset=\"https:\/\/drissalaouimdaghri.ma\/wp-content\/uploads\/2021\/03\/Capture-197x300.png 197w, https:\/\/drissalaouimdaghri.ma\/wp-content\/uploads\/2021\/03\/Capture.png 220w\" sizes=\"(max-width: 197px) 100vw, 197px\" \/>\t\t\t\t\t\t\t\t\t\t\t<\/div>\n\t\t\t\t<\/div>\n\t\t\t\t<\/div>\n\t\t\t\t<div class=\"elementor-element elementor-element-b880ac5 elementor-widget elementor-widget-text-editor\" data-id=\"b880ac5\" data-element_type=\"widget\" data-widget_type=\"text-editor.default\">\n\t\t\t\t<div class=\"elementor-widget-container\">\n\t\t\t\t\t<div class=\"elementor-text-editor elementor-clearfix\"><p>\u00ab Roule, roule, \u00d4 mon d\u00e9sir \u00bb, un po\u00e8me de mon cru chant\u00e9 par Jamila Lakhiry dans sa version en Anglais lors de la premi\u00e8re \u00e9dition de \u00ab Come To My Home \u00bb \u00e0 Casablanca en 2012 (Cliquer sur l\u2019ic\u00f4ne pour l\u2019\u00e9couter).<\/p><p><br><\/p>\n<p><\/p><\/div>\n\t\t\t\t<\/div>\n\t\t\t\t<\/div>\n\t\t\t\t<div class=\"elementor-element elementor-element-a2e6ba7 elementor-button-info elementor-align-center elementor-widget elementor-widget-button\" data-id=\"a2e6ba7\" data-element_type=\"widget\" data-widget_type=\"button.default\">\n\t\t\t\t<div class=\"elementor-widget-container\">\n\t\t\t\t\t<div class=\"elementor-button-wrapper\">\n\t\t\t<a href=\"https:\/\/www.youtube.com\/watch?v=ycIQ4pzHx3g\" target=\"_blank\" class=\"elementor-button-link elementor-button elementor-size-sm\" role=\"button\">\n\t\t\t\t\t\t<span class=\"elementor-button-content-wrapper\">\n\t\t\t\t\t\t<span class=\"elementor-button-icon elementor-align-icon-left\">\n\t\t\t\t<i aria-hidden=\"true\" class=\"far fa-bell\"><\/i>\t\t\t<\/span>\n\t\t\t\t\t\t<span class=\"elementor-button-text\">Cliquez ici<\/span>\n\t\t<\/span>\n\t\t\t\t\t<\/a>\n\t\t<\/div>\n\t\t\t\t<\/div>\n\t\t\t\t<\/div>\n\t\t\t\t<div class=\"elementor-element elementor-element-30fa629 elementor-widget elementor-widget-text-editor\" data-id=\"30fa629\" data-element_type=\"widget\" data-widget_type=\"text-editor.default\">\n\t\t\t\t<div class=\"elementor-widget-container\">\n\t\t\t\t\t<div class=\"elementor-text-editor elementor-clearfix\"><p><span style=\"background-color: #ffffff; font-weight: var( --e-global-typography-text-font-weight );\">NB :<\/span><span style=\"background-color: #ffffff; font-weight: var( --e-global-typography-text-font-weight );\">\u00a0<\/span><span style=\"background-color: #ffffff;\">Photos, documents et t\u00e9moignages li\u00e9s aux\u00a0endroits, aux \u00e9v\u00e8nements et aux personnes cit\u00e9s dans ces m\u00e9moires sont les\u00a0bienvenus. Les envoyer au contact :\u00a0<\/span><a style=\"background-color: #ffffff;\" href=\"mailto:sentiersquibifurquent@gmail.com\">sentiersquibifurquent@gmail.com<\/a><span style=\"background-color: #ffffff;\">\u00a0. Il y a\u00a0des chances qu\u2019ils trouvent leur place dans mon site.<\/span><\/p><\/div>\n\t\t\t\t<\/div>\n\t\t\t\t<\/div>\n\t\t\t\t\t\t<\/div>\n\t\t\t\t\t<\/div>\n\t\t<\/div>\n\t\t\t\t\t\t\t\t<\/div>\n\t\t\t\t\t<\/div>\n\t\t<\/section>\n\t\t\t\t\t\t<\/div>\n\t\t\t\t\t\t<\/div>\n\t\t\t\t\t<\/div>\n\t\t","protected":false},"excerpt":{"rendered":"<p>Ouverture La po\u00e9sie m\u2019a \u00e9loign\u00e9 de beaucoup de choses. Elle m\u2019a rapproch\u00e9 de l\u2019essentiel Ceci est mon site dans lequel je mets une foule de choses. Cela va d\u2019extraits de mon journal \u00e0 mes souvenirs personnels et \u00e0 des documents originaux et des cr\u00e9ations artistiques&#8230;<\/p>\n","protected":false},"author":5,"featured_media":0,"parent":0,"menu_order":0,"comment_status":"closed","ping_status":"closed","template":"full_width.php","meta":[],"_links":{"self":[{"href":"https:\/\/drissalaouimdaghri.ma\/index.php\/wp-json\/wp\/v2\/pages\/155"}],"collection":[{"href":"https:\/\/drissalaouimdaghri.ma\/index.php\/wp-json\/wp\/v2\/pages"}],"about":[{"href":"https:\/\/drissalaouimdaghri.ma\/index.php\/wp-json\/wp\/v2\/types\/page"}],"author":[{"embeddable":true,"href":"https:\/\/drissalaouimdaghri.ma\/index.php\/wp-json\/wp\/v2\/users\/5"}],"replies":[{"embeddable":true,"href":"https:\/\/drissalaouimdaghri.ma\/index.php\/wp-json\/wp\/v2\/comments?post=155"}],"version-history":[{"count":84,"href":"https:\/\/drissalaouimdaghri.ma\/index.php\/wp-json\/wp\/v2\/pages\/155\/revisions"}],"predecessor-version":[{"id":970,"href":"https:\/\/drissalaouimdaghri.ma\/index.php\/wp-json\/wp\/v2\/pages\/155\/revisions\/970"}],"wp:attachment":[{"href":"https:\/\/drissalaouimdaghri.ma\/index.php\/wp-json\/wp\/v2\/media?parent=155"}],"curies":[{"name":"wp","href":"https:\/\/api.w.org\/{rel}","templated":true}]}}