{"id":213,"date":"2018-01-17T14:29:16","date_gmt":"2018-01-17T13:29:16","guid":{"rendered":"http:\/\/bridge132.qodeinteractive.com\/?page_id=213"},"modified":"2021-03-05T21:48:15","modified_gmt":"2021-03-05T20:48:15","slug":"variations","status":"publish","type":"page","link":"https:\/\/drissalaouimdaghri.ma\/index.php\/variations\/","title":{"rendered":"Variations"},"content":{"rendered":"<p>[vc_row css_animation=\u00a0\u00bb\u00a0\u00bb row_type=\u00a0\u00bbrow\u00a0\u00bb use_row_as_full_screen_section=\u00a0\u00bbno\u00a0\u00bb type=\u00a0\u00bbgrid\u00a0\u00bb angled_section=\u00a0\u00bbno\u00a0\u00bb text_align=\u00a0\u00bbleft\u00a0\u00bb background_image_as_pattern=\u00a0\u00bbwithout_pattern\u00a0\u00bb z_index=\u00a0\u00bb\u00a0\u00bb][vc_column]<div class='latest_post_two_holder three_columns'><ul><li class=\"clearfix\"><div class=\"latest_post_two_image\"><a itemprop=\"url\" href=\"https:\/\/drissalaouimdaghri.ma\/index.php\/2018\/01\/15\/je-me-souviens\/\"><img src=\"https:\/\/drissalaouimdaghri.ma\/wp-content\/uploads\/2021\/02\/2.-Fenetre-du-Menzeh-e1615128696390-210x210.jpg\" alt=\"\" width=\"210\" height=\"210\" \/><\/a><\/div><div class=\"latest_post_two_inner\" ><div class=\"latest_post_two_text\"><h4 itemprop=\"name\" class=\"latest_post_two_title entry_title\"><a itemprop=\"url\" href=\"https:\/\/drissalaouimdaghri.ma\/index.php\/2018\/01\/15\/je-me-souviens\/\" >Je me souviens<\/a><\/h4><div class=\"separator small left \" ><\/div><p itemprop=\"description\" class=\"latest_post_two_excerpt\" >J\u2019ai v\u00e9cu dix mille ans, \r\nEt mille ans encore,\r\nJe me souviens,\r\nJe me souviens..\r\n<\/p><\/div><div class=\"latest_post_two_info\" ><div class=\"latest_post_two_info_inner\" ><div class=\"post_info_author\"><img alt='Author Image' src='https:\/\/secure.gravatar.com\/avatar\/34846e6bb0be982263f4e2002d3ac85b?s=30&#038;d=mm&#038;r=g' srcset='https:\/\/secure.gravatar.com\/avatar\/34846e6bb0be982263f4e2002d3ac85b?s=60&#038;d=mm&#038;r=g 2x' class='avatar avatar-30 photo' height='30' width='30' loading='lazy'\/><span class=\"post_info_author_name\">DAM<\/span><\/div><div itemprop=\"dateCreated\" class=\"post_info_date entry_date updated\">15 janvier, 2018<meta itemprop=\"interactionCount\" content=\"UserComments: <?php echo get_comments_number(qode_get_page_id()); ?>\"\/><\/div><\/div><\/div><\/div><\/li><li class=\"clearfix\"><div class=\"latest_post_two_image\"><a itemprop=\"url\" href=\"https:\/\/drissalaouimdaghri.ma\/index.php\/2020\/02\/20\/vivre\/\"><\/a><\/div><div class=\"latest_post_two_inner\" ><div class=\"latest_post_two_text\"><h4 itemprop=\"name\" class=\"latest_post_two_title entry_title\"><a itemprop=\"url\" href=\"https:\/\/drissalaouimdaghri.ma\/index.php\/2020\/02\/20\/vivre\/\" >Vivre<\/a><\/h4><div class=\"separator small left \" ><\/div><p itemprop=\"description\" class=\"latest_post_two_excerpt\" >\u00abVivre est ce qu\u2019il y a de plus beau au monde, la plupart des gens existent, c\u2019est tout \u00bb, \u00e9crit, provocateur<\/p><\/div><div class=\"latest_post_two_info\" ><div class=\"latest_post_two_info_inner\" ><div class=\"post_info_author\"><img alt='Author Image' src='https:\/\/secure.gravatar.com\/avatar\/34846e6bb0be982263f4e2002d3ac85b?s=30&#038;d=mm&#038;r=g' srcset='https:\/\/secure.gravatar.com\/avatar\/34846e6bb0be982263f4e2002d3ac85b?s=60&#038;d=mm&#038;r=g 2x' class='avatar avatar-30 photo' height='30' width='30' loading='lazy'\/><span class=\"post_info_author_name\">DAM<\/span><\/div><div itemprop=\"dateCreated\" class=\"post_info_date entry_date updated\">20 f\u00e9vrier, 2020<meta itemprop=\"interactionCount\" content=\"UserComments: <?php echo get_comments_number(qode_get_page_id()); ?>\"\/><\/div><\/div><\/div><\/div><\/li><li class=\"clearfix\"><div class=\"latest_post_two_image\"><a itemprop=\"url\" href=\"https:\/\/drissalaouimdaghri.ma\/index.php\/2020\/02\/20\/prochaines-activites-culturelles-et-artistiques\/\"><\/a><\/div><div class=\"latest_post_two_inner\" ><div class=\"latest_post_two_text\"><h4 itemprop=\"name\" class=\"latest_post_two_title entry_title\"><a itemprop=\"url\" href=\"https:\/\/drissalaouimdaghri.ma\/index.php\/2020\/02\/20\/prochaines-activites-culturelles-et-artistiques\/\" >Space Opera<\/a><\/h4><div class=\"separator small left \" ><\/div><p itemprop=\"description\" class=\"latest_post_two_excerpt\" >Le \u201cSpace Opera\u201d de Driss Alaoui Mdaghri repr\u00e9sente un voyage interstellaire auquel le Conteur, par la voix d\u2019une \u00e9toile<\/p><\/div><div class=\"latest_post_two_info\" ><div class=\"latest_post_two_info_inner\" ><div class=\"post_info_author\"><img alt='Author Image' src='https:\/\/secure.gravatar.com\/avatar\/e6fd2d57e5186738b5e5571a0718bcb3?s=30&#038;d=mm&#038;r=g' srcset='https:\/\/secure.gravatar.com\/avatar\/e6fd2d57e5186738b5e5571a0718bcb3?s=60&#038;d=mm&#038;r=g 2x' class='avatar avatar-30 photo' height='30' width='30' loading='lazy'\/><span class=\"post_info_author_name\">admin1763<\/span><\/div><div itemprop=\"dateCreated\" class=\"post_info_date entry_date updated\">20 f\u00e9vrier, 2020<meta itemprop=\"interactionCount\" content=\"UserComments: <?php echo get_comments_number(qode_get_page_id()); ?>\"\/><\/div><\/div><\/div><\/div><\/li><li class=\"clearfix\"><div class=\"latest_post_two_image\"><a itemprop=\"url\" href=\"https:\/\/drissalaouimdaghri.ma\/index.php\/2021\/01\/28\/en-quete-de-mots\/\"><\/a><\/div><div class=\"latest_post_two_inner\" ><div class=\"latest_post_two_text\"><h4 itemprop=\"name\" class=\"latest_post_two_title entry_title\"><a itemprop=\"url\" href=\"https:\/\/drissalaouimdaghri.ma\/index.php\/2021\/01\/28\/en-quete-de-mots\/\" >En Qu\u00eate de Mots<\/a><\/h4><div class=\"separator small left \" ><\/div><p itemprop=\"description\" class=\"latest_post_two_excerpt\" >En librairie d\u00e8s le mois de f\u00e9vrier 2021.l\u2019ensemble de mes \u0153uvres po\u00e9tiques en fran\u00e7ais \u00e0 ce jour. On pourra y trouver<\/p><\/div><div class=\"latest_post_two_info\" ><div class=\"latest_post_two_info_inner\" ><div class=\"post_info_author\"><img alt='Author Image' src='https:\/\/secure.gravatar.com\/avatar\/34846e6bb0be982263f4e2002d3ac85b?s=30&#038;d=mm&#038;r=g' srcset='https:\/\/secure.gravatar.com\/avatar\/34846e6bb0be982263f4e2002d3ac85b?s=60&#038;d=mm&#038;r=g 2x' class='avatar avatar-30 photo' height='30' width='30' loading='lazy'\/><span class=\"post_info_author_name\">DAM<\/span><\/div><div itemprop=\"dateCreated\" class=\"post_info_date entry_date updated\">28 janvier, 2021<meta itemprop=\"interactionCount\" content=\"UserComments: <?php echo get_comments_number(qode_get_page_id()); ?>\"\/><\/div><\/div><\/div><\/div><\/li><\/ul><\/div>[\/vc_column][\/vc_row]<\/p>\n","protected":false},"excerpt":{"rendered":"<p>[vc_row css_animation=\u00a0\u00bb\u00a0\u00bb row_type=\u00a0\u00bbrow\u00a0\u00bb use_row_as_full_screen_section=\u00a0\u00bbno\u00a0\u00bb type=\u00a0\u00bbgrid\u00a0\u00bb angled_section=\u00a0\u00bbno\u00a0\u00bb text_align=\u00a0\u00bbleft\u00a0\u00bb background_image_as_pattern=\u00a0\u00bbwithout_pattern\u00a0\u00bb z_index=\u00a0\u00bb\u00a0\u00bb][vc_column][\/vc_column][\/vc_row]<\/p>\n","protected":false},"author":5,"featured_media":0,"parent":0,"menu_order":0,"comment_status":"closed","ping_status":"closed","template":"full_width.php","meta":[],"_links":{"self":[{"href":"https:\/\/drissalaouimdaghri.ma\/index.php\/wp-json\/wp\/v2\/pages\/213"}],"collection":[{"href":"https:\/\/drissalaouimdaghri.ma\/index.php\/wp-json\/wp\/v2\/pages"}],"about":[{"href":"https:\/\/drissalaouimdaghri.ma\/index.php\/wp-json\/wp\/v2\/types\/page"}],"author":[{"embeddable":true,"href":"https:\/\/drissalaouimdaghri.ma\/index.php\/wp-json\/wp\/v2\/users\/5"}],"replies":[{"embeddable":true,"href":"https:\/\/drissalaouimdaghri.ma\/index.php\/wp-json\/wp\/v2\/comments?post=213"}],"version-history":[{"count":11,"href":"https:\/\/drissalaouimdaghri.ma\/index.php\/wp-json\/wp\/v2\/pages\/213\/revisions"}],"predecessor-version":[{"id":740,"href":"https:\/\/drissalaouimdaghri.ma\/index.php\/wp-json\/wp\/v2\/pages\/213\/revisions\/740"}],"wp:attachment":[{"href":"https:\/\/drissalaouimdaghri.ma\/index.php\/wp-json\/wp\/v2\/media?parent=213"}],"curies":[{"name":"wp","href":"https:\/\/api.w.org\/{rel}","templated":true}]}}