{"id":388,"date":"2020-12-15T18:29:07","date_gmt":"2020-12-15T17:29:07","guid":{"rendered":"https:\/\/drissalaouimdaghri.ma\/?page_id=388"},"modified":"2021-03-05T16:49:07","modified_gmt":"2021-03-05T15:49:07","slug":"publications","status":"publish","type":"page","link":"https:\/\/drissalaouimdaghri.ma\/index.php\/publications\/","title":{"rendered":"Publications"},"content":{"rendered":"\t\t<div data-elementor-type=\"wp-page\" data-elementor-id=\"388\" class=\"elementor elementor-388\" data-elementor-settings=\"[]\">\n\t\t\t\t\t\t<div class=\"elementor-inner\">\n\t\t\t\t\t\t\t<div class=\"elementor-section-wrap\">\n\t\t\t\t\t\t\t<section class=\"elementor-section elementor-top-section elementor-element elementor-element-c31a6c5 elementor-section-boxed elementor-section-height-default elementor-section-height-default parallax_section_no qode_elementor_container_no\" data-id=\"c31a6c5\" data-element_type=\"section\">\n\t\t\t\t\t\t<div class=\"elementor-container elementor-column-gap-default\">\n\t\t\t\t\t\t\t<div class=\"elementor-row\">\n\t\t\t\t\t<div class=\"elementor-column elementor-col-100 elementor-top-column elementor-element elementor-element-6165d62\" data-id=\"6165d62\" data-element_type=\"column\">\n\t\t\t<div class=\"elementor-column-wrap elementor-element-populated\">\n\t\t\t\t\t\t\t<div class=\"elementor-widget-wrap\">\n\t\t\t\t\t\t<div class=\"elementor-element elementor-element-eeb3757 elementor-widget elementor-widget-bridge_masonry_gallery\" data-id=\"eeb3757\" data-element_type=\"widget\" data-widget_type=\"bridge_masonry_gallery.default\">\n\t\t\t\t<div class=\"elementor-widget-container\">\n\t\t\t<div class=\"masonry_gallery_holder  \" data-parallax_item_speed=\"0.3\" data-parallax_item_offset=\"0\"><div class=\"grid-sizer\"><\/div><article class=\"masonry_gallery_item rectangle_landscape with_button \"><div class = \"masonry_gallery_image_holder\"><img width=\"1000\" height=\"500\" src=\"https:\/\/drissalaouimdaghri.ma\/wp-content\/uploads\/2020\/12\/Meryem-Kentucky-1-1000x500.jpg\" class=\"attachment-portfolio_masonry_wide size-portfolio_masonry_wide wp-post-image\" alt=\"\" loading=\"lazy\" \/><\/div><div class=\"masonry_gallery_item_outer\"><div class=\"masonry_gallery_item_inner\"><div class=\"masonry_gallery_item_content\"><h3 itemprop=\"name\">Meryem au Kentucky<\/h3><p class=\"masonry_gallery_item_text\">Photo de ma fille Meryem \u00e0 13 ans s\u2019initiant \u00e0 la trompette au Kentucky avec Tercelin, fils d\u2019un ami, Michael Kirtley<\/p><a itemprop=\"url\" href=\"\/wp-content\/uploads\/2020\/12\/Meryem-Kentucky-1.jpg\" class=\"qbutton masonry_gallery_item_button\" target=\"_self\">Aper\u00e7u<\/a><\/div><\/div><\/div><\/article><article class=\"masonry_gallery_item rectangle_portrait with_button \"><div class = \"masonry_gallery_image_holder\"><img width=\"500\" height=\"1000\" src=\"https:\/\/drissalaouimdaghri.ma\/wp-content\/uploads\/2020\/12\/WhatsApp-Image-2021-03-09-at-20.09.38-500x1000.jpeg\" class=\"attachment-portfolio_masonry_tall size-portfolio_masonry_tall wp-post-image\" alt=\"\" loading=\"lazy\" \/><\/div><div class=\"masonry_gallery_item_outer\"><div class=\"masonry_gallery_item_inner\"><div class=\"masonry_gallery_item_content\"><h3 itemprop=\"name\">\u00ab\u00a0En Qu\u00eate de Mots\u00a0\u00bb<\/h3><p class=\"masonry_gallery_item_text\">Parution &quot;En Qu\u00eate de Mots&quot;<\/p><\/div><\/div><\/div><\/article><article class=\"masonry_gallery_item square_small with_button \"><div class = \"masonry_gallery_image_holder\"><img width=\"570\" height=\"570\" src=\"https:\/\/drissalaouimdaghri.ma\/wp-content\/uploads\/2021\/04\/DAMlinkedin-570x570.png\" class=\"attachment-portfolio-square size-portfolio-square wp-post-image\" alt=\"\" loading=\"lazy\" srcset=\"https:\/\/drissalaouimdaghri.ma\/wp-content\/uploads\/2021\/04\/DAMlinkedin-570x570.png 570w, https:\/\/drissalaouimdaghri.ma\/wp-content\/uploads\/2021\/04\/DAMlinkedin-150x150.png 150w, https:\/\/drissalaouimdaghri.ma\/wp-content\/uploads\/2021\/04\/DAMlinkedin-500x500.png 500w\" sizes=\"(max-width: 570px) 100vw, 570px\" \/><\/div><div class=\"masonry_gallery_item_outer\"><div class=\"masonry_gallery_item_inner\"><div class=\"masonry_gallery_item_content\"><h3 itemprop=\"name\">A Living Curriculum<\/h3><p class=\"masonry_gallery_item_text\"><\/p><\/div><\/div><\/div><\/article><\/div>\t\t<\/div>\n\t\t\t\t<\/div>\n\t\t\t\t\t\t<\/div>\n\t\t\t\t\t<\/div>\n\t\t<\/div>\n\t\t\t\t\t\t\t\t<\/div>\n\t\t\t\t\t<\/div>\n\t\t<\/section>\n\t\t\t\t\t\t<\/div>\n\t\t\t\t\t\t<\/div>\n\t\t\t\t\t<\/div>\n\t\t","protected":false},"excerpt":{"rendered":"<p>Meryem au Kentucky Photo de ma fille Meryem \u00e0 13 ans s\u2019initiant \u00e0 la trompette au Kentucky avec Tercelin, fils d\u2019un ami, Michael Kirtley Aper\u00e7u Meryem au Kentucky Article du Kentucky Standard \u00e0 propos du s\u00e9jour de Meryem Aper\u00e7u Meryem au Kentucky Article du Kentucky&#8230;<\/p>\n","protected":false},"author":5,"featured_media":0,"parent":0,"menu_order":0,"comment_status":"closed","ping_status":"closed","template":"","meta":[],"_links":{"self":[{"href":"https:\/\/drissalaouimdaghri.ma\/index.php\/wp-json\/wp\/v2\/pages\/388"}],"collection":[{"href":"https:\/\/drissalaouimdaghri.ma\/index.php\/wp-json\/wp\/v2\/pages"}],"about":[{"href":"https:\/\/drissalaouimdaghri.ma\/index.php\/wp-json\/wp\/v2\/types\/page"}],"author":[{"embeddable":true,"href":"https:\/\/drissalaouimdaghri.ma\/index.php\/wp-json\/wp\/v2\/users\/5"}],"replies":[{"embeddable":true,"href":"https:\/\/drissalaouimdaghri.ma\/index.php\/wp-json\/wp\/v2\/comments?post=388"}],"version-history":[{"count":21,"href":"https:\/\/drissalaouimdaghri.ma\/index.php\/wp-json\/wp\/v2\/pages\/388\/revisions"}],"predecessor-version":[{"id":646,"href":"https:\/\/drissalaouimdaghri.ma\/index.php\/wp-json\/wp\/v2\/pages\/388\/revisions\/646"}],"wp:attachment":[{"href":"https:\/\/drissalaouimdaghri.ma\/index.php\/wp-json\/wp\/v2\/media?parent=388"}],"curies":[{"name":"wp","href":"https:\/\/api.w.org\/{rel}","templated":true}]}}